{"id":18746,"date":"2024-01-31T10:58:40","date_gmt":"2024-01-31T09:58:40","guid":{"rendered":"https:\/\/www.wecity.it\/?page_id=18746"},"modified":"2025-10-03T09:41:19","modified_gmt":"2025-10-03T08:41:19","slug":"move-green-and-get-your-bonus","status":"publish","type":"page","link":"https:\/\/www.wecity.it\/it\/move-green-and-get-your-bonus\/","title":{"rendered":"MOVE GREEN AND GET YOUR BONUS"},"content":{"rendered":"<div class=\"fusion-fullwidth fullwidth-box fusion-builder-row-1 fusion-flex-container nonhundred-percent-fullwidth non-hundred-percent-height-scrolling\" style=\"--awb-border-radius-top-left:0px;--awb-border-radius-top-right:0px;--awb-border-radius-bottom-right:0px;--awb-border-radius-bottom-left:0px;--awb-flex-wrap:wrap;\" ><div class=\"fusion-builder-row fusion-row fusion-flex-align-items-flex-start fusion-flex-content-wrap\" style=\"max-width:1216.8px;margin-left: calc(-4% \/ 2 );margin-right: calc(-4% \/ 2 );\"><div class=\"fusion-layout-column fusion_builder_column fusion-builder-column-0 fusion_builder_column_1_1 1_1 fusion-flex-column\" style=\"--awb-bg-blend:overlay;--awb-bg-size:cover;--awb-width-large:100%;--awb-margin-top-large:0px;--awb-spacing-right-large:1.92%;--awb-margin-bottom-large:0px;--awb-spacing-left-large:1.92%;--awb-width-medium:100%;--awb-spacing-right-medium:1.92%;--awb-spacing-left-medium:1.92%;--awb-width-small:100%;--awb-spacing-right-small:1.92%;--awb-spacing-left-small:1.92%;\"><div class=\"fusion-column-wrapper fusion-flex-justify-content-flex-start fusion-content-layout-column\"><div class=\"fusion-text fusion-text-1\"><p><b>MOVE GREEN AND GET YOUR BONUS 2025<\/b><\/p>\n<p><b>Progetto di mobilit\u00e0 sostenibile\u00a0\u00a0<\/b><\/p>\n<p><span style=\"font-weight: 400;\">\u201cMOVE GREEN AND GET YOUR BONUS\u201d \u00e8 una iniziativa che Tetra Pak Packaging Solutions Spa propone ai propri dipendenti e che coinvolger\u00e0 le seguenti tipologie di mobilit\u00e0 sostenibile: bicicletta, piedi, monopattino (non in sharing), car pooling e trasporto pubblico, in modo da premiare queste\u00a0 possibilit\u00e0 di spostamento sostenibile, misurando la riduzione delle emissioni di CO2 derivanti dagli spostamenti nel tragitto casa-lavoro in accordo con la normativa vigente.<\/span><\/p>\n<p><span style=\"font-weight: 400;\">Il progetto \u00e8 finalizzato a promuovere modalit\u00e0 di trasporto alternative all\u2019utilizzo del mezzo privato motorizzato, allo scopo di favorire modalit\u00e0 di trasporto orientate alla salvaguardia dell\u2019ambiente ed al miglioramento della salute, della sicurezza e del benessere psicofisico delle persone.<\/span><\/p>\n<p><b>Art. 1 \u2013 Funzionamento del progetto<br \/>\n<\/b><span style=\"font-weight: 400;\">La sfida \u00e8 aperta a tutti i dipendenti per conteggiare gli spostamenti casa-lavoro-casa a piedi, in bici, monopattino, trasporto pubblico, car pooling, dal 1 febbraio 2025 al 30 Novembre 2025. I sistemi di mobilit\u00e0 sopra citati dovranno essere utilizzati nel pieno rispetto di quanto previsto dal Codice della Strada. Per ogni spostamento, l\u2019app Wecity calcola la CO2 risparmiata, i chilometri percorsi e crea una classifica tra i dipendenti in base a tale valore.<\/span><\/p>\n<p><span style=\"font-weight: 400;\">Questo nuovo servizio consente al dipendente, che ha accumulato in uno o entrambi i periodi di rilevazione sotto citati <\/span><b>almeno 30 giorni validi nella missione<\/b><span style=\"font-weight: 400;\"> Tetra Pak sull\u2019App Wecity nel tragitto casa-lavoro-casa tramite i seguenti mezzi di trasporto: bici, monopattino non in sharing, a piedi, car pooling e trasporto pubblico, di poter riscattare in toto o in parte un premio messo a disposizione dall\u2019Azienda<\/span><\/p>\n<p><b>1 giorno valido<\/b> <b>= almeno 1 tragitto casa-lavoro-casa di andata o di ritorno nella stessa giornata <\/b><span style=\"font-weight: 400;\">(dal luned\u00ed al venerd\u00ed, non festivi e non durante le chiusure aziendali).<\/span><\/p>\n<p><span style=\"font-weight: 400;\">I periodi di rilevazione degli accessi all\u2019app sono:\u00a0<\/span><\/p>\n<p><span style=\"font-weight: 400;\">01 febbraio 2025 \u2013 30 giugno 2025<br \/>\n<\/span><span style=\"font-weight: 400;\">01 luglio 2025 \u2013 30 novembre 2025<\/span><\/p>\n<p><b>Art. 2 \u2013 Partecipanti<br \/>\n<\/b><span style=\"font-weight: 400;\">L\u2019iniziativa \u00e8 aperta a tutti i dipendenti di Tetra Pak Packaging Solutions Spa.<\/span><\/p>\n<p><b>Art. 3 &#8211; Modalit\u00e0 di iscrizione<br \/>\n<\/b><span style=\"font-weight: 400;\">L\u2019iscrizione avverr\u00e0 esclusivamente attraverso la app Wecity per iOS e Android. Una volta scaricata l\u2019applicazione ed effettuata la registrazione con indirizzo email personale, occorre inserire il codice dell&#8217;iniziativa<\/span><span style=\"font-weight: 400;\">\u00a0e completare la compilazione dei dati richiesti.<\/span><\/p>\n<p><span style=\"font-weight: 400;\">Al termine della procedura, della durata di circa 2 minuti, l\u2019applicazione comunicher\u00e0 l\u2019avvenuta iscrizione alla gara e sar\u00e0 possibile iniziare a registrare i propri spostamenti con l\u2019app Wecity.<\/span><\/p>\n<p><b>Chi ha gi\u00e0 partecipato all\u2019edizione 2024 di MOVE GREEN AND GET YOUR BONUS verr\u00e0 iscritto automaticamente all\u2019edizione 2025. <\/b><span style=\"font-weight: 400;\">E\u2019 possibile verificare la propria iscrizione in app nella sezione SFIDE&gt; LE TUE MISSIONI.<\/span><\/p>\n<p><b>Art. 4 &#8211; Condizioni per la partecipazione<br \/>\n<\/b><span style=\"font-weight: 400;\">Per partecipare \u00e8 necessario rispettare i seguenti requisiti:<\/span><\/p>\n<ul>\n<li><span style=\"font-weight: 400;\"> disporre di un device mobile con sistema operativo iOS 15.0 o ANDROID 8.0, con sistema gps funzionante per misurare i percorsi casa-lavoro-casa.<\/span><\/li>\n<li><span style=\"font-weight: 400;\"> attivare la app all\u2019inizio di ogni percorso casa-lavoro e lavoro-casa e disattivarla all\u2019arrivo;<\/span><\/li>\n<li><span style=\"font-weight: 400;\"> nel caso di utilizzo di monopattino o bici elettrica, tali mezzi devono essere dotati di bluetooth per il collegamento all&#8217;app Wecity, questo consente il corretto riconoscimento dello spostamento.<\/span><\/li>\n<\/ul>\n<p><b>Art. 5 \u2013 Calcolo del percorso<br \/>\n<\/b><span style=\"font-weight: 400;\">1 giorno valido = almeno 1 tragitto casa-lavoro-casa di andata o di ritorno nella stessa giornata (dal luned\u00ed al venerd\u00ed, non festivi e non durante le chiusure aziendali).<br \/>\n<\/span><span style=\"font-weight: 400;\">I mezzi sostenibili considerati saranno: bici, a piedi, carpooling, monopattino elettrico e trasporto pubblico.<br \/>\n<\/span>Non \u00e8 necessario seguire il percorso pi\u00f9 breve, \u00e8 inoltre possibile effettuare soste intermedie lungo il tragitto, purch\u00e9 la durata complessiva del singolo spostamento casa-lavoro-casa non superi le 4 ore.<\/p>\n<p><b>Per trovare compagni di viaggio tra i colleghi iscriviti alla Carpool Community,<\/b><span style=\"font-weight: 400;\"> a questo link: https:\/\/www.wecity.it\/it\/tetrapak25<\/span><\/p>\n<p><b>Art. 6 &#8211; Classifica<br \/>\n<\/b><span style=\"font-weight: 400;\">La classifica, basata sulla quantit\u00e0 di CO2 risparmiata, \u00e8 sempre aggiornata in tempo reale e consultabile all\u2019interno della App Wecity.<\/span><\/p>\n<p><b>Art. 7 &#8211; Premialit\u00e0<br \/>\n<\/b><span style=\"font-weight: 400;\">Tetra Pak Packaging Solutions Spa ha stabilito che la premialit\u00e0 verr\u00e0 erogata sotto forma\u00a0 di<\/span><b> bonus da 150\u20ac <\/b><span style=\"font-weight: 400;\">per periodo di rilevazione verr\u00e0 erogato\u00a0 ai dipendenti al raggiungimento di un n. minimo di giorni validi di acceso all\u2019app di Wecity (per lo spostamento casa-lavoro-casa) pari a:<\/span><\/p>\n<p><span style=\"font-weight: 400;\">&#8211;<\/span> <span style=\"font-weight: 400;\">30 giorni dal 01.02.2025 al 30.06.2025<br \/>\n<\/span><span style=\"font-weight: 400;\">&#8211;<\/span> <span style=\"font-weight: 400;\">30 giorni dal 01.07.2025 al 30.11.2025<\/span><\/p>\n<p><b>Art. 8 &#8211; Comunicazione e Assistenza<br \/>\n<\/b><span style=\"font-weight: 400;\">Per le informazioni generali e i tutorial sull\u2019uso dell\u2019app, si pu\u00f2 far riferimento a:\u00a0 <\/span><a href=\"https:\/\/www.wecity.it\/it\/support\"><span style=\"font-weight: 400;\">https:\/\/www.wecity.it\/it\/support<\/span><\/a><br \/>\n<span style=\"font-weight: 400;\">In alternativa, \u00e8 possibile utilizzare il contatto e-mail help@wecity.it o il canale Whatsapp 377 350 6646 (solo messaggi, no chiamate).<br \/>\n<\/span><span style=\"font-weight: 400;\">Per ulteriori informazioni sul progetto o chiarimenti, scrivere alla seguente mail: Welfare Italy<\/span><\/p>\n<\/div><\/div><\/div><\/div><\/div>\n","protected":false},"excerpt":{"rendered":"","protected":false},"author":1,"featured_media":0,"parent":0,"menu_order":7,"comment_status":"closed","ping_status":"closed","template":"","meta":{"_acf_changed":false,"footnotes":""},"class_list":["post-18746","page","type-page","status-publish","hentry"],"acf":[],"yoast_head":"<!-- This site is optimized with the Yoast SEO plugin v27.2 - https:\/\/yoast.com\/product\/yoast-seo-wordpress\/ -->\n<title>MOVE GREEN AND GET YOUR BONUS - Wecity<\/title>\n<meta name=\"robots\" content=\"index, follow, max-snippet:-1, max-image-preview:large, max-video-preview:-1\" \/>\n<link rel=\"canonical\" href=\"https:\/\/www.wecity.it\/it\/move-green-and-get-your-bonus\/\" \/>\n<meta property=\"og:locale\" content=\"it_IT\" \/>\n<meta property=\"og:type\" content=\"article\" \/>\n<meta property=\"og:title\" content=\"MOVE GREEN AND GET YOUR BONUS - Wecity\" \/>\n<meta property=\"og:url\" content=\"https:\/\/www.wecity.it\/it\/move-green-and-get-your-bonus\/\" \/>\n<meta property=\"og:site_name\" content=\"Wecity\" \/>\n<meta property=\"article:publisher\" content=\"https:\/\/www.facebook.com\/wecityit\" \/>\n<meta property=\"article:modified_time\" content=\"2025-10-03T08:41:19+00:00\" \/>\n<meta name=\"twitter:card\" content=\"summary_large_image\" \/>\n<meta name=\"twitter:site\" content=\"@wecityit\" \/>\n<meta name=\"twitter:label1\" content=\"Tempo di lettura stimato\" \/>\n\t<meta name=\"twitter:data1\" content=\"4 minuti\" \/>\n<script type=\"application\/ld+json\" class=\"yoast-schema-graph\">{\"@context\":\"https:\/\/schema.org\",\"@graph\":[{\"@type\":\"WebPage\",\"@id\":\"https:\/\/www.wecity.it\/it\/move-green-and-get-your-bonus\/\",\"url\":\"https:\/\/www.wecity.it\/it\/move-green-and-get-your-bonus\/\",\"name\":\"MOVE GREEN AND GET YOUR BONUS - Wecity\",\"isPartOf\":{\"@id\":\"https:\/\/www.wecity.it\/it\/#website\"},\"datePublished\":\"2024-01-31T09:58:40+00:00\",\"dateModified\":\"2025-10-03T08:41:19+00:00\",\"inLanguage\":\"it-IT\",\"potentialAction\":[{\"@type\":\"ReadAction\",\"target\":[\"https:\/\/www.wecity.it\/it\/move-green-and-get-your-bonus\/\"]}]},{\"@type\":\"WebSite\",\"@id\":\"https:\/\/www.wecity.it\/it\/#website\",\"url\":\"https:\/\/www.wecity.it\/it\/\",\"name\":\"Wecity\",\"description\":\"L&#039;app che premia la mobilit\u00e0 sostenibile\",\"publisher\":{\"@id\":\"https:\/\/www.wecity.it\/it\/#organization\"},\"potentialAction\":[{\"@type\":\"SearchAction\",\"target\":{\"@type\":\"EntryPoint\",\"urlTemplate\":\"https:\/\/www.wecity.it\/it\/?s={search_term_string}\"},\"query-input\":{\"@type\":\"PropertyValueSpecification\",\"valueRequired\":true,\"valueName\":\"search_term_string\"}}],\"inLanguage\":\"it-IT\"},{\"@type\":\"Organization\",\"@id\":\"https:\/\/www.wecity.it\/it\/#organization\",\"name\":\"wecity\",\"url\":\"https:\/\/www.wecity.it\/it\/\",\"logo\":{\"@type\":\"ImageObject\",\"inLanguage\":\"it-IT\",\"@id\":\"https:\/\/www.wecity.it\/it\/#\/schema\/logo\/image\/\",\"url\":\"https:\/\/www.wecity.it\/wp-content\/uploads\/2022\/11\/wecity_logo.png\",\"contentUrl\":\"https:\/\/www.wecity.it\/wp-content\/uploads\/2022\/11\/wecity_logo.png\",\"width\":1100,\"height\":400,\"caption\":\"wecity\"},\"image\":{\"@id\":\"https:\/\/www.wecity.it\/it\/#\/schema\/logo\/image\/\"},\"sameAs\":[\"https:\/\/www.facebook.com\/wecityit\",\"https:\/\/x.com\/wecityit\",\"https:\/\/www.youtube.com\/c\/wecityitapp\",\"https:\/\/instagram.com\/wecityit\",\"https:\/\/www.linkedin.com\/company\/wecity-srl\/\"]}]}<\/script>\n<!-- \/ Yoast SEO plugin. -->","yoast_head_json":{"title":"MOVE GREEN AND GET YOUR BONUS - Wecity","robots":{"index":"index","follow":"follow","max-snippet":"max-snippet:-1","max-image-preview":"max-image-preview:large","max-video-preview":"max-video-preview:-1"},"canonical":"https:\/\/www.wecity.it\/it\/move-green-and-get-your-bonus\/","og_locale":"it_IT","og_type":"article","og_title":"MOVE GREEN AND GET YOUR BONUS - Wecity","og_url":"https:\/\/www.wecity.it\/it\/move-green-and-get-your-bonus\/","og_site_name":"Wecity","article_publisher":"https:\/\/www.facebook.com\/wecityit","article_modified_time":"2025-10-03T08:41:19+00:00","twitter_card":"summary_large_image","twitter_site":"@wecityit","twitter_misc":{"Tempo di lettura stimato":"4 minuti"},"schema":{"@context":"https:\/\/schema.org","@graph":[{"@type":"WebPage","@id":"https:\/\/www.wecity.it\/it\/move-green-and-get-your-bonus\/","url":"https:\/\/www.wecity.it\/it\/move-green-and-get-your-bonus\/","name":"MOVE GREEN AND GET YOUR BONUS - Wecity","isPartOf":{"@id":"https:\/\/www.wecity.it\/it\/#website"},"datePublished":"2024-01-31T09:58:40+00:00","dateModified":"2025-10-03T08:41:19+00:00","inLanguage":"it-IT","potentialAction":[{"@type":"ReadAction","target":["https:\/\/www.wecity.it\/it\/move-green-and-get-your-bonus\/"]}]},{"@type":"WebSite","@id":"https:\/\/www.wecity.it\/it\/#website","url":"https:\/\/www.wecity.it\/it\/","name":"Wecity","description":"L&#039;app che premia la mobilit\u00e0 sostenibile","publisher":{"@id":"https:\/\/www.wecity.it\/it\/#organization"},"potentialAction":[{"@type":"SearchAction","target":{"@type":"EntryPoint","urlTemplate":"https:\/\/www.wecity.it\/it\/?s={search_term_string}"},"query-input":{"@type":"PropertyValueSpecification","valueRequired":true,"valueName":"search_term_string"}}],"inLanguage":"it-IT"},{"@type":"Organization","@id":"https:\/\/www.wecity.it\/it\/#organization","name":"wecity","url":"https:\/\/www.wecity.it\/it\/","logo":{"@type":"ImageObject","inLanguage":"it-IT","@id":"https:\/\/www.wecity.it\/it\/#\/schema\/logo\/image\/","url":"https:\/\/www.wecity.it\/wp-content\/uploads\/2022\/11\/wecity_logo.png","contentUrl":"https:\/\/www.wecity.it\/wp-content\/uploads\/2022\/11\/wecity_logo.png","width":1100,"height":400,"caption":"wecity"},"image":{"@id":"https:\/\/www.wecity.it\/it\/#\/schema\/logo\/image\/"},"sameAs":["https:\/\/www.facebook.com\/wecityit","https:\/\/x.com\/wecityit","https:\/\/www.youtube.com\/c\/wecityitapp","https:\/\/instagram.com\/wecityit","https:\/\/www.linkedin.com\/company\/wecity-srl\/"]}]}},"_links":{"self":[{"href":"https:\/\/www.wecity.it\/it\/wp-json\/wp\/v2\/pages\/18746","targetHints":{"allow":["GET"]}}],"collection":[{"href":"https:\/\/www.wecity.it\/it\/wp-json\/wp\/v2\/pages"}],"about":[{"href":"https:\/\/www.wecity.it\/it\/wp-json\/wp\/v2\/types\/page"}],"author":[{"embeddable":true,"href":"https:\/\/www.wecity.it\/it\/wp-json\/wp\/v2\/users\/1"}],"replies":[{"embeddable":true,"href":"https:\/\/www.wecity.it\/it\/wp-json\/wp\/v2\/comments?post=18746"}],"version-history":[{"count":7,"href":"https:\/\/www.wecity.it\/it\/wp-json\/wp\/v2\/pages\/18746\/revisions"}],"predecessor-version":[{"id":18753,"href":"https:\/\/www.wecity.it\/it\/wp-json\/wp\/v2\/pages\/18746\/revisions\/18753"}],"wp:attachment":[{"href":"https:\/\/www.wecity.it\/it\/wp-json\/wp\/v2\/media?parent=18746"}],"curies":[{"name":"wp","href":"https:\/\/api.w.org\/{rel}","templated":true}]}}