{"id":18886,"date":"2024-06-13T11:44:24","date_gmt":"2024-06-13T10:44:24","guid":{"rendered":"https:\/\/www.wecity.it\/?page_id=18886"},"modified":"2025-10-03T09:43:41","modified_gmt":"2025-10-03T08:43:41","slug":"bper-per-la-mobilita-sostenibile-piantiamola-di-inquinare-2024","status":"publish","type":"page","link":"https:\/\/www.wecity.it\/it\/bper-per-la-mobilita-sostenibile-piantiamola-di-inquinare-2024\/","title":{"rendered":"BPER PER LA MOBILIT\u00c0 SOSTENIBILE \u2013 Piantiamola di inquinare 2024"},"content":{"rendered":"<div class=\"fusion-fullwidth fullwidth-box fusion-builder-row-1 fusion-flex-container nonhundred-percent-fullwidth non-hundred-percent-height-scrolling\" style=\"--awb-border-radius-top-left:0px;--awb-border-radius-top-right:0px;--awb-border-radius-bottom-right:0px;--awb-border-radius-bottom-left:0px;--awb-flex-wrap:wrap;\" ><div class=\"fusion-builder-row fusion-row fusion-flex-align-items-flex-start fusion-flex-content-wrap\" style=\"max-width:1216.8px;margin-left: calc(-4% \/ 2 );margin-right: calc(-4% \/ 2 );\"><div class=\"fusion-layout-column fusion_builder_column fusion-builder-column-0 fusion_builder_column_1_1 1_1 fusion-flex-column\" style=\"--awb-bg-size:cover;--awb-width-large:100%;--awb-margin-top-large:0px;--awb-spacing-right-large:1.92%;--awb-margin-bottom-large:0px;--awb-spacing-left-large:1.92%;--awb-width-medium:100%;--awb-order-medium:0;--awb-spacing-right-medium:1.92%;--awb-spacing-left-medium:1.92%;--awb-width-small:100%;--awb-order-small:0;--awb-spacing-right-small:1.92%;--awb-spacing-left-small:1.92%;\"><div class=\"fusion-column-wrapper fusion-column-has-shadow fusion-flex-justify-content-flex-start fusion-content-layout-column\"><div class=\"fusion-text fusion-text-1\"><h4>PIANTIAMOLA DI INQUINARE! ED. 2024<\/h4>\n<p>Regolamento<br \/>\n\u201cPiantiamola di inquinare! &#8211; Bike to Work Ed. 2024\u201d \u00e8 una iniziativa di BPER Banca per misurare la riduzione delle emissioni di CO2 derivanti dagli spostamenti nel tragitto casa-lavoro effettuati senza l\u2019uso di veicoli a combustione termica.<br \/>\nIl progetto \u00e8 finalizzato a promuovere modalit\u00e0 di trasporto alternative all\u2019utilizzo del mezzo privato a combustione, a favore di modalit\u00e0 di trasporto orientate alla salvaguardia dell\u2019ambiente e al miglioramento di salute, sicurezza e benessere psico-fisico delle persone.<\/p>\n<p><strong>Art. 1 \u2013 Funzionamento del progetto<\/strong><br \/>\nA partire dal 17 giugno e fino al 13 settembre avr\u00e0 luogo la gara, dove verranno conteggiati gli spostamenti casa-lavoro a piedi, in bici e monopattin. Tutti i sistemi di mobilit\u00e0 dovranno essere utilizzati nel pieno rispetto di quanto previsto dal Codice della Strada. Per ogni spostamento l\u2019app wecity calcola la CO2 risparmiata (1 kg ogni 7 chilometri percorsi) e crea una classifica tra i dipendenti BPER Banca che si saranno dimostrati pi\u00f9 virtuosi.<br \/>\nIl contest si concluder\u00e0 il 13 settembre; la classifica sar\u00e0 ufficializzata nel mese di settembre e verranno assegnate premialit\u00e0 come definito negli articoli successivi.<\/p>\n<p><strong>Art. 2 \u2013 Partecipanti<\/strong><br \/>\nL\u2019iniziativa \u00e8 aperta a tutto il personale di BPER Banca, la partecipazione \u00e8 volontaria.<br \/>\nL\u2019iniziativa riguarda l\u2019intero territorio nazionale secondo un raggruppamento per aree geografiche in 5 Team da 4 Regioni:<br \/>\n\u25cf Team1\u2013 Regioni di riferimento: Valle d\u2019Aosta, Piemonte, Liguria, Lombardia<br \/>\n\u25cf Team 2 \u2013 Regioni di riferimento: Trentino Alto-Adige, Veneto, Friuli-Venezia Giulia, Emilia-<br \/>\nRomagna<br \/>\n\u25cf Team3\u2013 Regioni di riferimento: Toscana, Umbria, Marche, Lazio<br \/>\n\u25cf Team4\u2013 Regioni di riferimento: Abruzzo, Molise, Puglia, Campania<br \/>\n\u25cf Team5\u2013 Regioni di riferimento: Basilicata, Calabria, Sicilia, Sardegna<\/p>\n<p><strong>Art. 3 &#8211; Modalit\u00e0 di iscrizione<\/strong><br \/>\nL\u2019iscrizione avviene esclusivamente attraverso la app wecity, da scaricare nelle versioni per iOS o Android. Una volta installata l\u2019applicazione ed effettuata la registrazione, occorre inserire il codice dell&#8217;iniziativa BPER2024 e completare la compilazione dei dati richiesti.<br \/>\nAl termine della procedura, della durata di circa 2 minuti \u00e8 possibile iniziare a registrare i propri spostamenti con l\u2019app wecity.<\/p>\n<p><strong>Art. 4 &#8211; Condizioni per la partecipazione<\/strong><br \/>\nPer partecipare \u00e8 necessario rispettare i seguenti requisiti:<br \/>\n\u25cf disporre di un device mobile con sistema operativo iOS (versione minima 13.0) o Android (versione minima 8.0), con sistema gps funzionante per misurare i percorsi casa-lavoro;<br \/>\n\u25cf scaricare dallo store e installare l\u2019app \u201cWecity\u201d, inserire il codice BPER2024 e completare la compilazione dei dati richiesti;<br \/>\n\u25cf attivare l\u2019app all\u2019inizio di ogni percorso casa-lavoro (andata e ritorno), e disattivarla all\u2019arrivo;<br \/>\n\u25cf nel caso di utilizzo di monopattino o bici elettrica, si consiglia ove possibile di effettuare il collegamento del mezzo tramite bluetooth dall\u2019app wecity in quanto questo contribuisce a migliorare il corretto il riconoscimento dello spostamento.<\/p>\n<p><strong>Art. 5 \u2013 Calcolo del percorso valido ai fini dell&#8217;ottenimento del premio finale<\/strong><br \/>\nI chilometri validi sono quelli compiuti a piedi, in bici o in monopattino nel proprio percorso casa- lavoro, dal luned\u00ec al venerd\u00ec. Non \u00e8 necessario seguire il percorso pi\u00f9 breve, \u00e8 inoltre possibile effettuare soste intermedie lungo il tragitto, purch\u00e9 la durata complessiva del singolo spostamento casa-lavoro non superi le 4 ore.<\/p>\n<p><strong>Art. 6 &#8211; Classifica<\/strong><br \/>\nLa classifica \u00e8 sempre aggiornata in tempo reale e consultabile all\u2019interno dell\u2019app wecity.<\/p>\n<p><strong>Art. 7 &#8211; Bonus mobilit\u00e0<\/strong><br \/>\nLa classifica &#8211; aggiornata in tempo reale sull\u2019app &#8211; si basa sulla quantit\u00e0 di CO2 risparmiata. Alla chiusura della gara il 16 settembre 2024, sulla base della classifica verranno assegnati:<br \/>\nn. 5 bonus mobilit\u00e0 da 100 \u20ac ciascuno ai primi 5 classificati di ogni gruppo;<br \/>\nn. 5 bonus mobilit\u00e0 da 75 \u20ac ciascuno ai classificati fra la posizione 6 e la posizione 10 di ogni gruppo;<br \/>\nn. 5 bonus mobilit\u00e0 da 50 \u20ac ciascuno ai classificati fra la posizione 11 e la posizione 15 di ogni gruppo;<br \/>\nn. 5 bonus mobilit\u00e0 da 25 \u20ac ciascuno ai classificati fra la posizione 16 e la posizione 20 di ogni gruppo.<br \/>\nI bonus mobilit\u00e0 verranno erogati direttamente in busta paga entro il mese di novembre 2024.<br \/>\nN.B. I premi concorrono all\u2019incremento della soglia dei fringe benefits come previsto dalla normativa tempo per tempo vigente e quindi ad eventuale formazione di reddito imponibile; ove assegnata, \u00e8 data pertanto facolt\u00e0 al dipendente di rinunciare alla somma prevista<\/p>\n<p><strong>Art. 8 &#8211; Comunicazione e Assistenza<\/strong><br \/>\nPer le informazioni tecniche e i tutorial sull\u2019uso dell\u2019app, si pu\u00f2 far riferimento alle FAQ del sito wecity: https:\/\/www.wecity.it\/support\/ In alternativa, si pu\u00f2 scrivere alla casella e-mail help@wecity.it o al numero WhatsApp 377 350 6646 (solo messaggi, no chiamate).<br \/>\nPer informazioni sul progetto e sulle iniziative legate a Piantiamola vai su BLink &#8211; Servizi per il Personale &#8211; Piantiamola o contatta mobilitasostenibile@bper.it<br \/>\nDi seguito l\u2019accesso diretto a Piantiamola:<br \/>\nhttps:\/\/sites.google.com\/bper.it\/piantiamolahub\/home<\/p>\n<p>Per l&#8217;informativa sul Trattamento dei dati personali consulta la sezione Termini e Condizioni all&#8217;interno della missione in app.<\/p>\n<\/div><\/div><\/div><\/div><\/div>\n","protected":false},"excerpt":{"rendered":"","protected":false},"author":1,"featured_media":0,"parent":0,"menu_order":7,"comment_status":"closed","ping_status":"closed","template":"","meta":{"_acf_changed":false,"footnotes":""},"class_list":["post-18886","page","type-page","status-publish","hentry"],"acf":[],"yoast_head":"<!-- This site is optimized with the Yoast SEO plugin v27.2 - https:\/\/yoast.com\/product\/yoast-seo-wordpress\/ -->\n<title>BPER PER LA MOBILIT\u00c0 SOSTENIBILE \u2013 Piantiamola di inquinare 2024 - Wecity<\/title>\n<meta name=\"robots\" content=\"index, follow, max-snippet:-1, max-image-preview:large, max-video-preview:-1\" \/>\n<link rel=\"canonical\" href=\"https:\/\/www.wecity.it\/it\/bper-per-la-mobilita-sostenibile-piantiamola-di-inquinare-2024\/\" \/>\n<meta property=\"og:locale\" content=\"it_IT\" \/>\n<meta property=\"og:type\" content=\"article\" \/>\n<meta property=\"og:title\" content=\"BPER PER LA MOBILIT\u00c0 SOSTENIBILE \u2013 Piantiamola di inquinare 2024 - Wecity\" \/>\n<meta property=\"og:url\" content=\"https:\/\/www.wecity.it\/it\/bper-per-la-mobilita-sostenibile-piantiamola-di-inquinare-2024\/\" \/>\n<meta property=\"og:site_name\" content=\"Wecity\" \/>\n<meta property=\"article:publisher\" content=\"https:\/\/www.facebook.com\/wecityit\" \/>\n<meta property=\"article:modified_time\" content=\"2025-10-03T08:43:41+00:00\" \/>\n<meta name=\"twitter:card\" content=\"summary_large_image\" \/>\n<meta name=\"twitter:site\" content=\"@wecityit\" \/>\n<meta name=\"twitter:label1\" content=\"Tempo di lettura stimato\" \/>\n\t<meta name=\"twitter:data1\" content=\"5 minuti\" \/>\n<script type=\"application\/ld+json\" class=\"yoast-schema-graph\">{\"@context\":\"https:\/\/schema.org\",\"@graph\":[{\"@type\":\"WebPage\",\"@id\":\"https:\/\/www.wecity.it\/it\/bper-per-la-mobilita-sostenibile-piantiamola-di-inquinare-2024\/\",\"url\":\"https:\/\/www.wecity.it\/it\/bper-per-la-mobilita-sostenibile-piantiamola-di-inquinare-2024\/\",\"name\":\"BPER PER LA MOBILIT\u00c0 SOSTENIBILE \u2013 Piantiamola di inquinare 2024 - Wecity\",\"isPartOf\":{\"@id\":\"https:\/\/www.wecity.it\/it\/#website\"},\"datePublished\":\"2024-06-13T10:44:24+00:00\",\"dateModified\":\"2025-10-03T08:43:41+00:00\",\"inLanguage\":\"it-IT\",\"potentialAction\":[{\"@type\":\"ReadAction\",\"target\":[\"https:\/\/www.wecity.it\/it\/bper-per-la-mobilita-sostenibile-piantiamola-di-inquinare-2024\/\"]}]},{\"@type\":\"WebSite\",\"@id\":\"https:\/\/www.wecity.it\/it\/#website\",\"url\":\"https:\/\/www.wecity.it\/it\/\",\"name\":\"Wecity\",\"description\":\"L&#039;app che premia la mobilit\u00e0 sostenibile\",\"publisher\":{\"@id\":\"https:\/\/www.wecity.it\/it\/#organization\"},\"potentialAction\":[{\"@type\":\"SearchAction\",\"target\":{\"@type\":\"EntryPoint\",\"urlTemplate\":\"https:\/\/www.wecity.it\/it\/?s={search_term_string}\"},\"query-input\":{\"@type\":\"PropertyValueSpecification\",\"valueRequired\":true,\"valueName\":\"search_term_string\"}}],\"inLanguage\":\"it-IT\"},{\"@type\":\"Organization\",\"@id\":\"https:\/\/www.wecity.it\/it\/#organization\",\"name\":\"wecity\",\"url\":\"https:\/\/www.wecity.it\/it\/\",\"logo\":{\"@type\":\"ImageObject\",\"inLanguage\":\"it-IT\",\"@id\":\"https:\/\/www.wecity.it\/it\/#\/schema\/logo\/image\/\",\"url\":\"https:\/\/www.wecity.it\/wp-content\/uploads\/2022\/11\/wecity_logo.png\",\"contentUrl\":\"https:\/\/www.wecity.it\/wp-content\/uploads\/2022\/11\/wecity_logo.png\",\"width\":1100,\"height\":400,\"caption\":\"wecity\"},\"image\":{\"@id\":\"https:\/\/www.wecity.it\/it\/#\/schema\/logo\/image\/\"},\"sameAs\":[\"https:\/\/www.facebook.com\/wecityit\",\"https:\/\/x.com\/wecityit\",\"https:\/\/www.youtube.com\/c\/wecityitapp\",\"https:\/\/instagram.com\/wecityit\",\"https:\/\/www.linkedin.com\/company\/wecity-srl\/\"]}]}<\/script>\n<!-- \/ Yoast SEO plugin. -->","yoast_head_json":{"title":"BPER PER LA MOBILIT\u00c0 SOSTENIBILE \u2013 Piantiamola di inquinare 2024 - Wecity","robots":{"index":"index","follow":"follow","max-snippet":"max-snippet:-1","max-image-preview":"max-image-preview:large","max-video-preview":"max-video-preview:-1"},"canonical":"https:\/\/www.wecity.it\/it\/bper-per-la-mobilita-sostenibile-piantiamola-di-inquinare-2024\/","og_locale":"it_IT","og_type":"article","og_title":"BPER PER LA MOBILIT\u00c0 SOSTENIBILE \u2013 Piantiamola di inquinare 2024 - Wecity","og_url":"https:\/\/www.wecity.it\/it\/bper-per-la-mobilita-sostenibile-piantiamola-di-inquinare-2024\/","og_site_name":"Wecity","article_publisher":"https:\/\/www.facebook.com\/wecityit","article_modified_time":"2025-10-03T08:43:41+00:00","twitter_card":"summary_large_image","twitter_site":"@wecityit","twitter_misc":{"Tempo di lettura stimato":"5 minuti"},"schema":{"@context":"https:\/\/schema.org","@graph":[{"@type":"WebPage","@id":"https:\/\/www.wecity.it\/it\/bper-per-la-mobilita-sostenibile-piantiamola-di-inquinare-2024\/","url":"https:\/\/www.wecity.it\/it\/bper-per-la-mobilita-sostenibile-piantiamola-di-inquinare-2024\/","name":"BPER PER LA MOBILIT\u00c0 SOSTENIBILE \u2013 Piantiamola di inquinare 2024 - Wecity","isPartOf":{"@id":"https:\/\/www.wecity.it\/it\/#website"},"datePublished":"2024-06-13T10:44:24+00:00","dateModified":"2025-10-03T08:43:41+00:00","inLanguage":"it-IT","potentialAction":[{"@type":"ReadAction","target":["https:\/\/www.wecity.it\/it\/bper-per-la-mobilita-sostenibile-piantiamola-di-inquinare-2024\/"]}]},{"@type":"WebSite","@id":"https:\/\/www.wecity.it\/it\/#website","url":"https:\/\/www.wecity.it\/it\/","name":"Wecity","description":"L&#039;app che premia la mobilit\u00e0 sostenibile","publisher":{"@id":"https:\/\/www.wecity.it\/it\/#organization"},"potentialAction":[{"@type":"SearchAction","target":{"@type":"EntryPoint","urlTemplate":"https:\/\/www.wecity.it\/it\/?s={search_term_string}"},"query-input":{"@type":"PropertyValueSpecification","valueRequired":true,"valueName":"search_term_string"}}],"inLanguage":"it-IT"},{"@type":"Organization","@id":"https:\/\/www.wecity.it\/it\/#organization","name":"wecity","url":"https:\/\/www.wecity.it\/it\/","logo":{"@type":"ImageObject","inLanguage":"it-IT","@id":"https:\/\/www.wecity.it\/it\/#\/schema\/logo\/image\/","url":"https:\/\/www.wecity.it\/wp-content\/uploads\/2022\/11\/wecity_logo.png","contentUrl":"https:\/\/www.wecity.it\/wp-content\/uploads\/2022\/11\/wecity_logo.png","width":1100,"height":400,"caption":"wecity"},"image":{"@id":"https:\/\/www.wecity.it\/it\/#\/schema\/logo\/image\/"},"sameAs":["https:\/\/www.facebook.com\/wecityit","https:\/\/x.com\/wecityit","https:\/\/www.youtube.com\/c\/wecityitapp","https:\/\/instagram.com\/wecityit","https:\/\/www.linkedin.com\/company\/wecity-srl\/"]}]}},"_links":{"self":[{"href":"https:\/\/www.wecity.it\/it\/wp-json\/wp\/v2\/pages\/18886","targetHints":{"allow":["GET"]}}],"collection":[{"href":"https:\/\/www.wecity.it\/it\/wp-json\/wp\/v2\/pages"}],"about":[{"href":"https:\/\/www.wecity.it\/it\/wp-json\/wp\/v2\/types\/page"}],"author":[{"embeddable":true,"href":"https:\/\/www.wecity.it\/it\/wp-json\/wp\/v2\/users\/1"}],"replies":[{"embeddable":true,"href":"https:\/\/www.wecity.it\/it\/wp-json\/wp\/v2\/comments?post=18886"}],"version-history":[{"count":1,"href":"https:\/\/www.wecity.it\/it\/wp-json\/wp\/v2\/pages\/18886\/revisions"}],"predecessor-version":[{"id":18887,"href":"https:\/\/www.wecity.it\/it\/wp-json\/wp\/v2\/pages\/18886\/revisions\/18887"}],"wp:attachment":[{"href":"https:\/\/www.wecity.it\/it\/wp-json\/wp\/v2\/media?parent=18886"}],"curies":[{"name":"wp","href":"https:\/\/api.w.org\/{rel}","templated":true}]}}