{"id":4289,"date":"2014-12-19T14:03:11","date_gmt":"2014-12-19T13:03:11","guid":{"rendered":"http:\/\/www.wecity.it\/?page_id=4289"},"modified":"2023-12-05T17:49:17","modified_gmt":"2023-12-05T16:49:17","slug":"privacy-and-cookies-policy","status":"publish","type":"page","link":"https:\/\/www.wecity.it\/it\/privacy-and-cookies-policy\/","title":{"rendered":"Privacy &#038; Cookies Policy"},"content":{"rendered":"<div class=\"fusion-fullwidth fullwidth-box fusion-builder-row-1 fusion-flex-container nonhundred-percent-fullwidth non-hundred-percent-height-scrolling\" style=\"--awb-border-radius-top-left:0px;--awb-border-radius-top-right:0px;--awb-border-radius-bottom-right:0px;--awb-border-radius-bottom-left:0px;--awb-flex-wrap:wrap;\" ><div class=\"fusion-builder-row fusion-row fusion-flex-align-items-flex-start fusion-flex-content-wrap\" style=\"max-width:1216.8px;margin-left: calc(-4% \/ 2 );margin-right: calc(-4% \/ 2 );\"><div class=\"fusion-layout-column fusion_builder_column fusion-builder-column-0 fusion_builder_column_2_3 2_3 fusion-flex-column\" style=\"--awb-bg-blend:overlay;--awb-bg-size:cover;--awb-width-large:66.666666666667%;--awb-margin-top-large:0px;--awb-spacing-right-large:3.84%;--awb-margin-bottom-large:0px;--awb-spacing-left-large:2.88%;--awb-width-medium:66.666666666667%;--awb-spacing-right-medium:3.84%;--awb-spacing-left-medium:2.88%;--awb-width-small:100%;--awb-spacing-right-small:1.92%;--awb-spacing-left-small:1.92%;\"><div class=\"fusion-column-wrapper fusion-flex-justify-content-flex-start fusion-content-layout-column\"><div class=\"fusion-text fusion-text-1\"><h3 style=\"--fontSize: 42; line-height: 1.4;\" data-fontsize=\"42\" data-lineheight=\"58.8px\" class=\"fusion-responsive-typography-calculated\"><span style=\"font-family: Roboto; font-weight: 700; line-height: 1.4; letter-spacing: normal;\" data-fusion-font=\"true\" data-fusion-google-font=\"Roboto\" data-fusion-google-variant=\"700\">Privacy Policy<\/span><\/h3>\n<\/p>\n<div style=\"font-weight: 100;\">\n<p style=\"font-weight: 100;\">\n\t<b><strong><u>Informativa ai sensi dell\u2019art. 13 del D. Lgs. 196\/2003 e Privacy Policy<\/u><\/strong><\/b><\/p>\n<p>\tWecity s.r.l., societ\u00e0 a responsabilit\u00e0 limitata di diritto italiano con sede legale in Via Contrada 309 a Modena e partita IVA n. 03475130369 \u2013 (di seguito \u201cwecity\u201d), ai sensi del D. Lgs. 196\/2003 \u00e8 Titolare del trattamento dei dati raccolti nell\u2019ambito dello svolgimento della propria attivit\u00e0, come di seguito si specifica.<\/p>\n<p>\tLa \u201cPrivacy Policy\u201d che di seguito viene descritta, cio\u00e8 la prassi che adottiamo nel Trattamento dei dati personali, intende esplicitare come Wecity raccoglie ed usa alcune informazioni personali che possono riguardarTi e i diritti e le opzioni che, in relazione a ci\u00f2, puoi esercitare: essa \u00e8 parte integrante delle Condizioni di utilizzo (nel seguito &#8220;Condizioni&#8221;) ed \u00e8 integralmente riportata sul sito <a href=\"http:\/\/www.wecity.it\/\">www.wecity.it<\/a> (nel seguito il &#8220;Sito&#8221;).<\/p>\n<p>\tAttenzione: con l\u2019utilizzo dell\u2019applicazione mobile denominata \u201cwecity\u201d (nel seguito la &#8220;App&#8221;) nonch\u00e9 del sito web (nel seguito, Sito e App sono intesi complessivamente come i &#8220;Servizi&#8221;), cio\u00e8 con la registrazione ed accesso al Sito, l\u2019installazione, l\u2019utilizzo dell\u2019App sui Tuoi dispositivi ed, in generale, dei Servizi o la partecipazione ad iniziative di wecity o collegate alla sua attivit\u00e0, si considera acquisito il Tuo assenso al Trattamento, l\u2019accettazione integrale della \u201cPrivacy Policy\u201d nonch\u00e9 delle sue successive modificazioni.<\/p>\n<p>\tI dati personali conferiti sono oggetto di trattamenti elettronici e\/o manuali, che vengono in ogni caso sempre compiuti nel rispetto delle misure di sicurezza e protezione dei dati medesimi, previste dalla legge ed unicamente per le finalit\u00e0 di seguito descritte.<\/p>\n<p>\tCome da Comunicazione n. 102322 inviata per conferma della notificazione effettuata dal Garante per la Protezione dei dati personali, Wecity ha provveduto, nel rispetto della normativa, a depositare notificazione per i trattamenti effettuati nello svolgimento della propria attivit\u00e0 che comportano:<br \/>\n\t&#8211; georeferenziazione, cio\u00e8 la raccolta di dati che indicano la posizione geografica di persone od oggetti mediante una rete di comunicazione elettronica;<br \/>\n\t&#8211; profilazione, cio\u00e8 trattamenti effettuati con l&#8217;ausilio di strumenti elettronici volti a definire il profilo o la personalit\u00e0 dell&#8217;interessato, o ad analizzare abitudini o scelte di consumo, ovvero a monitorare l&#8217;utilizzo di servizi di comunicazione elettronica con l&#8217;esclusione dei trattamenti tecnicamente indispensabili per fornire i servizi medesimi.<\/p>\n<p>\tLa lista dei Responsabili designati per il trattamento dei dati personali \u00e8 disponibile presso la sede legale di wecity s.r.l..<\/p>\n<p>\t<b><strong>Dati personali dell\u2019Interessato<\/strong><\/b><br \/>\n\tIn fase di registrazione al Sito o di installazione della App sul Tuo dispositivo, Wecity Ti chieder\u00e0 di fornire alcuni dati personali e di contatto indicando di quali dati \u00e8 obbligatorio il conferimento al fine di consentire l\u2019autenticazione, l\u2019accesso ai Servizi ed il loro utilizzo. Il consenso deve essere reso in forma scritta solo laddove i dati conferiti possano essere qualificati come sensibili.<\/p>\n<p>\tWecity potrebbe effettuare un controllo sulle informazioni che vengono rese: laddove false, non corrette o non aggiornate potrebbero determinare la cancellazione \u2013 previa comunicazione \u2013 del Tuo account, rendere impossibile l\u2019accesso ai Servizi od il loro corretto utilizzo.<\/p>\n<p>\tLa username o nickname che scegli sar\u00e0 utilizzata per identificartTi in fase di Autenticazione ed utilizzo dei Servizi e sar\u00e0 associata ad ogni informazione che fornirai e sceglierai di rendere o meno visibile agli altri Utenti.<\/p>\n<p>\tOgni ulteriore informazione, come ad esempio la quantit\u00e0 di CO<sub>2<\/sub> risparmiata all\u2019ambiente, i punti accumulati, la quantit\u00e0 di CO<sub>2<\/sub> offerta per l\u2019acquisto di beni o la fruizione di servizi messi a disposizione dai partner di wecity, il tuo nickname, foto\/avatar, i dati anagrafici, email e numero di telefono, ecc\u2026 potr\u00e0 essere utilizzata e condivisa con gli altri Utenti in fase di utilizzo dell\u2019Applicazione, pubblicata sul Sito, ed anche da qui essere resa accessibile agli altri Utenti. Tuttavia, a parte il tuo nickname, la quantit\u00e0 di CO<sub>2<\/sub> risparmiata all\u2019ambiente e la quantit\u00e0 di CO<sub>2<\/sub> offerta per l\u2019utilizzo di un mezzo che restano di necessit\u00e0 pubblici, ogni altra informazione pu\u00f2 da Te essere resa privata in ogni momento, \u00e8 una Tua scelta.<\/p>\n<p>\tWecity tiene molto ai propri Utenti ed alla loro privacy ma, non avendo il controllo sul comportamento degli altri, non pu\u00f2 assumersi alcuna responsabilit\u00e0 in merito. Sei invitato a considerare accuratamente e in maniera cosciente i dati e le informazioni che decidi di rendere pubblici e di considerare attentamente ogni comunicazione e contatto che decidi di intraprendere con gli altri Utenti, soprattutto se sconosciuti. <\/p>\n<p>\tOffrire o partecipare a qualsiasi \u201cStrappo\u201d o altre attivit\u00e0 offerte da altri Utenti direttamente od indirettamente attraverso i canali di comunicazione messi a disposizione da Wecity \u00e8 interamente una Tua scelta ed ogni conseguenza non pu\u00f2 essere imputata a Wecity che non pu\u00f2 in nessun caso essere considerata parte n\u00e9 intermediario di qualsiasi accordo che possa sorgere tra Utenti. <\/p>\n<p>\tOgni Utente \u00e8 il solo responsabile del rispetto delle normative vigenti, obblighi o regolamenti (ad esempio sulla omologazione, manutenzione e revisione del mezzo col quale intende offrire uno Strappo oppure il rispetto della normativa in merito all\u2019assicurazione obbligatoria): wecity non si assume alcuna responsabilit\u00e0 per qualsiasi perdita, danno, costo o spesa che possa originarTi come risultato o in connessione con la partecipazione a qualsiasi attivit\u00e0 o evento iniziato, condotto od organizzato da wecity oppure ad uno \u201cStrappo\u201d offerto da un qualsiasi Utente o da una terza parte, n\u00e9 in relazione ad alcun accordo tra Utenti e\/o terze parti inclusi qualsiasi attivit\u00e0 od evento connessi in alcun modo, direttamente od indirettamente, con l\u2019utilizzo dei Servizi di wecity.<\/p>\n<p>\t<b><strong>Informazioni relative alla georeferenziazione degli Utenti<\/strong><\/b><br \/>\n\tWecity Ti consente di condividere uno \u201cStrappo\u201d individuando percorsi identificabili \u2013 in quanto georeferenziati &#8211; con altri Utenti: l\u2019utilizzo di pi\u00f9 dispositivi mobili (smartphones, tablet o altro) sui quali sia installata l\u2019Applicazione, rende possibile a wecity la raccolta di dati ed informazioni relative alla posizione Tua e dei Tuoi compagni di viaggio ed al tragitto che, da solo od insieme ad altri Utenti, percorrerai utilizzando modalit\u00e0 intelligenti (es. carpooling) o comunque rispettose dell\u2019ambiente (mezzi pubblici, bicicletta, ecc..). I dati relativi agli spostamenti effettuati e la loro modalit\u00e0 restano segretati di fronte agli altri Utenti che non siano in viaggio con Te, ma potranno essere utilizzati da wecity, anche in forma aggregata ed anonimizzata per scopi di ricerca e statistici, oltre che per gli altri scopi esplicitati nella presente Privacy Policy.<\/p>\n<p>\tLo scopo principale di wecity \u00e8 quello di usare queste informazioni per raccogliere importanti dati in merito alla mobilit\u00e0 intelligente ed alla quantit\u00e0 di CO<sub>2<\/sub> che con essa si pu\u00f2 risparmiare all\u2019ambiente. L\u2019aggregazione anonima e lo studio di questi dati render\u00e0 possibile svolgere ricerche scientifiche altrimenti difficilmente effettuabili: per questo wecity ti \u00e8 grata e ti dar\u00e0 la possibilit\u00e0, in cambio dei dati di mobilit\u00e0 raccolti con l\u2019uso dei Servizi e alla cessione della CO<sub>2<\/sub> che con l\u2019utilizzo di wecity si certifica essere stata risparmiata all\u2019ambiente, di partecipare a speciali promozioni messe a disposizione dagli sponsor e aziende partner, di provare a titolo gratuito, e per periodi di tempo di volta in volta determinati, mezzi intelligenti e rispettosi dell\u2019ambiente.<\/p>\n<p>\tAderendo ai Servizi autorizzi quindi wecity ad utilizzare senza limiti ed indeterminatamente le informazioni raccolte e relative alla posizione Tua e dei Tuoi compagni di viaggio ed ai relativi tragitti, senza renderle pubbliche ma al contrario utilizzandole soprattutto per creare basi di dati anonimi ed aggregati ed utilizzarle nel rispetto della presente Privacy Policy.<\/p>\n<p>\tPuoi anonimizzare il tuo profilo in ogni momento attraverso i settaggi disponibili sul sito o nell\u2019applicazione. In questo caso non saranno visualizzati la maggior parte dei dettagli che hai fornito. Se si \u00e8 scelto di integrare i Servizi con i social network, la possibilit\u00e0 di essere anonimi si potrebbe azzerare ad ogni riattivazione dell&#8217;applicazione.<\/p>\n<p>\tAttenzione: quando si condividono le informazioni sullo Strappo offerto, ovviamente wecity non \u00e8 in grado di renderlo anonimo tuttavia, durante lo svolgimento dello stesso, la posizione Tua, degli altri Utenti in viaggio con Te e le informazioni sul percorso mentre viene effettuato saranno s\u00ec monitorate da wecity, ma rese disponibili esclusivamente a Te ed ai Tuoi compagni di viaggio.<\/p>\n<p>\t<b><strong>Username and Password<\/strong><\/b><br \/>\n\tPer accedere, sar\u00e0 sempre necessario utilizzare il nome Utente (username) e la password con cui Ti sei registrato. Con il progresso della tecnologia potranno anche essere stabiliti e richiesti  ulteriori o diversi mezzi di identificazione e di autenticazione per l&#8217;accesso ai Servizi o per l&#8217;accesso a certe funzioni o sezioni designate dei Servizi.<\/p>\n<p>\tIl mantenimento della segretezza sui dati di autenticazione \u00e8 sotto la Tua responsabilit\u00e0. Sei pienamente responsabile per qualsiasi uso o uso improprio del tuo account e dati personali che possano essere conseguenza della rivelazione dei dati di autenticazione a qualcun altro. AssicuraTi di adottare comportamenti virtuosi al riguardo, ad esempio non scegliere mai password semplici costituite di soli numeri o da parole, e ricordati di cambiare la password di frequente e almeno una volta ogni sei mesi.<\/p>\n<p>\t<b><strong>Utilizzo delle informazioni aggregate<\/strong><\/b><br \/>\n\tWecity pu\u00f2 utilizzare le informazioni anonime, i dati statistici o aggregati per far funzionare correttamente i Servizi, per migliorarne la qualit\u00e0 o la Tua esperienza, per creare nuovi servizi e funzioni, tra cui servizi personalizzati, modificare o annullare i contenuti o servizi esistenti anche per scopi commerciali e statistici. Wecity potr\u00e0 inoltre utilizzarle inviando, diffondendo, trasmettendo o altrimenti comunicando o rendendo disponibili tali informazioni agli Utenti dei servizi, ai fornitori di detti servizi, a partner e altri soggetti.<\/p>\n<p>\t<b><strong>Sicurezza delle informazioni<\/strong><\/b><br \/>\n\tWecity considera la sicurezza delle informazioni una priorit\u00e0 assoluta. Wecity pretende che i propri sviluppatori nonch\u00e9 gli hosting provider di cui si serve che implementino sistemi, applicazioni e procedure per proteggere i Tuoi dati personali, per ridurre al minimo i rischi di furto, danneggiamento, perdita di informazioni, di accesso o uso non autorizzato di informazioni, nel rispetto di ci\u00f2 che la normativa italiana impone: infatti, i server sui quali dette informazioni risiedono sono posizionati in una server farm italiana e la societ\u00e0 che se ne occupa \u00e8 stata designata come Responsabile per il trattamento dei dati personali.<\/p>\n<p>\tPur facendo di tutto per assicurare il rispetto di quanto sopra, naturalmente wecity non pu\u00f2 tuttavia garantire, e non ci si pu\u00f2 ragionevolmente aspettare, che i database siano immuni da qualsiasi malfunzionamento, intercettazione illecita, accesso o altri tipi di abuso od uso improprio e pertanto non se ne pu\u00f2 assumere alcuna responsabilit\u00e0: in caso di qualsiasi malfunzionamento o accesso non consentito far\u00e0 di tutto per ripristinare la situazione e far s\u00ec che eventuali comportamenti illeciti vengano perseguiti dalle competenti Autorit\u00e0.<\/p>\n<p>\t<b><strong>Conservazione dei dati, loro cancellazione e politica di opt out<\/strong><\/b><br \/>\n\tSe ritieni che le informazioni sul Tuo conto non siano accurate, complete o aggiornate, sei tenuto ad apportare tutte le modifiche necessarie per correggerle e laddove tu non sia in grado di intervenire al riguardo puoi chiedere a wecity di farlo. Si prega di tenere presente che le informazioni false, errate o obsolete possono impedire la registrazione e ridurre la capacit\u00e0 di wecity di fornire i Servizi.<\/p>\n<p>\tPotrai comunque esercitare, in qualunque momento, i diritti previsti dall\u2019art. 7 del D.Lgs. 196\/2003, scrivendo una lettera semplice, raccomandata presso la sede legale di Wecity in Via Contrada 309 a Modena o una e-mail a <a href=\"mailto:privacy@wecity.it\">privacy@wecity.it<\/a>.<\/p>\n<p>\tLa disinstallazione dell\u2019Applicazione costituisce esplicita scelta di opt out in merito alla presente Privacy Policy, se desideri che tutti i Tuoi dati personali raccolti da Wecity (a parte quelli ormai resi anonimi e aggregati in basi di dati) siano cancellati, dovrai chiederne esplicitamente la cancellazione anche dal Sito, ai sensi dall\u2019art. 7 del D.Lgs. 196\/2003. In esito alla disinstallazione wecity non sar\u00e0 pi\u00f9 in grado di raccogliere alcuna ulteriore informazione di georeferenziazione che ti riguardi, n\u00e9 quindi dati relativi alla Tua posizione ed ai Tuoi percorsi.<\/p>\n<p>\t<b><strong>Modifiche alla Privacy Policy<\/strong><\/b><br \/>\n\tWecity potr\u00e0 modificare i termini di questa Privacy Policy. Le modifiche sostanziali entreranno in vigore 30 giorni dopo la pubblicazione di una notifica sulla homepage del sito web e\/o la comunicazione diretta agli Utenti registrati. Le altre modifiche entreranno in vigore sette giorni dopo la loro iniziale pubblicazione sul sito web. Laddove wecity modifichi la Privacy Policy per rispettare requisiti richiesti dalla legge, le modifiche entreranno in vigore immediatamente dopo la loro pubblicazione iniziale o comunque nei tempi richiesti dalla legge. <\/p>\n<p>\tL\u2019utilizzazione dei Servizi dopo la comunicazione delle modifiche ne comporter\u00e0 in ogni caso l&#8217;accettazione per comportamento concludente. Se non sei d&#8217;accordo con una qualsiasi delle condizioni modificate, devi evitare ogni ulteriore uso dei Servizi e sei invitato a cancellare la Tua registrazione.\n\t\t<\/p>\n<\/p>\n<\/div>\n<\/div><\/div><\/div><div class=\"fusion-layout-column fusion_builder_column fusion-builder-column-1 fusion_builder_column_1_3 1_3 fusion-flex-column\" style=\"--awb-bg-blend:overlay;--awb-bg-size:cover;--awb-width-large:33.333333333333%;--awb-margin-top-large:0px;--awb-spacing-right-large:5.76%;--awb-margin-bottom-large:0px;--awb-spacing-left-large:3.84%;--awb-width-medium:33.333333333333%;--awb-spacing-right-medium:5.76%;--awb-spacing-left-medium:3.84%;--awb-width-small:100%;--awb-spacing-right-small:1.92%;--awb-spacing-left-small:1.92%;\"><div class=\"fusion-column-wrapper fusion-flex-justify-content-flex-start fusion-content-layout-column\"><div class=\"fusion-text fusion-text-2\"><div>\n<h3 style=\"--fontSize: 42; line-height: 1.4;\" data-fontsize=\"42\" data-lineheight=\"58.8px\" class=\"fusion-responsive-typography-calculated\">Cookies Policy<\/h3>\n<\/div>\n<div>\n<p>In base alla normativa vigente Ti informiamo che per poter gestire il sito in maniera ottimale e poterlo migliorare continuamente, possiamo far uso dei cookies, se ci autorizzi. Con l\u2019accesso al presente sito, dichiari di essere d\u2019accordo e di autorizzarci al loro utilizzo.<\/p>\n<\/div>\n<div style=\"font-weight: 100;\">\n<p><b><strong>Utilizzo dei cookie<\/strong><\/b><br \/>\nWecity pu\u00f2 utilizzare cookie sui Servizi che mette a disposizione: si tratta di file utilizzati per agevolare la comunicazione di pacchetti di informazioni tra il server dove risiedono i Servizi ed il Tuo browser web o la App ad ogni accesso; possono determinare se \u00e8 gi\u00e0 stato effettuato l\u2019accesso ai Servizi: ci\u00f2 permette di registrare le Tue preferenze ed ottenere una esperienza di navigazione in linea con le stesse, pi\u00f9 agevole e di maggiore facilit\u00e0 d&#8217;uso. <\/p>\n<p>Alcuni cookie scadono al termine della sessione, altri cookie vengono salvati sul sistema di archiviazione del Tuo dispositivo. Se desideri bloccare i cookie utilizza il pulsante di aiuto nel Tuo browser e segui le istruzioni necessarie; \u00e8 anche possibile cancellare in ogni momento eventuali cookies gi\u00e0 presenti sul disco rigido. Tuttavia, disabilitare o cancellare i cookies pu\u00f2 complicare o addirittura impedire l&#8217;utilizzo del sito web, o alcune funzioni dello stesso.<\/p>\n<p>I cookie ci aiutano a stabilire quali sono le sezioni pi\u00f9 popolari del nostro sito e possono contenere una serie di informazioni, come ad esempio il contenuto di query di ricerca, le pagine del sito che hai visitato, la durata della sessione e gli indirizzi IP dei dispositivi dai quali ti colleghi, possono servire per evitarTi di inserire nuovamente il nome Utente e la password ogni volta che accedi, per facilitare l&#8217;utilizzo del sito web, per raccogliere informazioni statistiche, per verificare le informazioni e personalizzare insomma la Tua esperienza secondo le Tue preferenze e per scopi di sicurezza delle informazioni.<\/p>\n<p>\u00c8 possibile consultare il nostro sito Internet anche senza cookies. La maggior parte dei browser accetta i cookies automaticamente.\n\t\t\t<\/p>\n<\/p>\n<\/div>\n<\/div><\/div><\/div><\/div><\/div>\n","protected":false},"excerpt":{"rendered":"","protected":false},"author":2,"featured_media":0,"parent":0,"menu_order":-1,"comment_status":"closed","ping_status":"closed","template":"","meta":{"_acf_changed":false,"footnotes":""},"class_list":["post-4289","page","type-page","status-publish","hentry"],"acf":[],"yoast_head":"<!-- This site is optimized with the Yoast SEO plugin v27.2 - https:\/\/yoast.com\/product\/yoast-seo-wordpress\/ -->\n<title>Privacy &amp; Cookies Policy - Wecity<\/title>\n<meta name=\"robots\" content=\"index, follow, max-snippet:-1, max-image-preview:large, max-video-preview:-1\" \/>\n<link rel=\"canonical\" href=\"https:\/\/www.wecity.it\/it\/privacy-and-cookies-policy\/\" \/>\n<meta property=\"og:locale\" content=\"it_IT\" \/>\n<meta property=\"og:type\" content=\"article\" \/>\n<meta property=\"og:title\" content=\"Privacy &amp; Cookies Policy - Wecity\" \/>\n<meta property=\"og:url\" content=\"https:\/\/www.wecity.it\/it\/privacy-and-cookies-policy\/\" \/>\n<meta property=\"og:site_name\" content=\"Wecity\" \/>\n<meta property=\"article:publisher\" content=\"https:\/\/www.facebook.com\/wecityit\" \/>\n<meta property=\"article:modified_time\" content=\"2023-12-05T16:49:17+00:00\" \/>\n<meta name=\"twitter:card\" content=\"summary_large_image\" \/>\n<meta name=\"twitter:site\" content=\"@wecityit\" \/>\n<meta name=\"twitter:label1\" content=\"Tempo di lettura stimato\" \/>\n\t<meta name=\"twitter:data1\" content=\"11 minuti\" \/>\n<script type=\"application\/ld+json\" class=\"yoast-schema-graph\">{\"@context\":\"https:\/\/schema.org\",\"@graph\":[{\"@type\":\"WebPage\",\"@id\":\"https:\/\/www.wecity.it\/it\/privacy-and-cookies-policy\/\",\"url\":\"https:\/\/www.wecity.it\/it\/privacy-and-cookies-policy\/\",\"name\":\"Privacy & Cookies Policy - Wecity\",\"isPartOf\":{\"@id\":\"https:\/\/www.wecity.it\/it\/#website\"},\"datePublished\":\"2014-12-19T13:03:11+00:00\",\"dateModified\":\"2023-12-05T16:49:17+00:00\",\"inLanguage\":\"it-IT\",\"potentialAction\":[{\"@type\":\"ReadAction\",\"target\":[\"https:\/\/www.wecity.it\/it\/privacy-and-cookies-policy\/\"]}]},{\"@type\":\"WebSite\",\"@id\":\"https:\/\/www.wecity.it\/it\/#website\",\"url\":\"https:\/\/www.wecity.it\/it\/\",\"name\":\"Wecity\",\"description\":\"L&#039;app che premia la mobilit\u00e0 sostenibile\",\"publisher\":{\"@id\":\"https:\/\/www.wecity.it\/it\/#organization\"},\"potentialAction\":[{\"@type\":\"SearchAction\",\"target\":{\"@type\":\"EntryPoint\",\"urlTemplate\":\"https:\/\/www.wecity.it\/it\/?s={search_term_string}\"},\"query-input\":{\"@type\":\"PropertyValueSpecification\",\"valueRequired\":true,\"valueName\":\"search_term_string\"}}],\"inLanguage\":\"it-IT\"},{\"@type\":\"Organization\",\"@id\":\"https:\/\/www.wecity.it\/it\/#organization\",\"name\":\"wecity\",\"url\":\"https:\/\/www.wecity.it\/it\/\",\"logo\":{\"@type\":\"ImageObject\",\"inLanguage\":\"it-IT\",\"@id\":\"https:\/\/www.wecity.it\/it\/#\/schema\/logo\/image\/\",\"url\":\"https:\/\/www.wecity.it\/wp-content\/uploads\/2022\/11\/wecity_logo.png\",\"contentUrl\":\"https:\/\/www.wecity.it\/wp-content\/uploads\/2022\/11\/wecity_logo.png\",\"width\":1100,\"height\":400,\"caption\":\"wecity\"},\"image\":{\"@id\":\"https:\/\/www.wecity.it\/it\/#\/schema\/logo\/image\/\"},\"sameAs\":[\"https:\/\/www.facebook.com\/wecityit\",\"https:\/\/x.com\/wecityit\",\"https:\/\/www.youtube.com\/c\/wecityitapp\",\"https:\/\/instagram.com\/wecityit\",\"https:\/\/www.linkedin.com\/company\/wecity-srl\/\"]}]}<\/script>\n<!-- \/ Yoast SEO plugin. -->","yoast_head_json":{"title":"Privacy & Cookies Policy - Wecity","robots":{"index":"index","follow":"follow","max-snippet":"max-snippet:-1","max-image-preview":"max-image-preview:large","max-video-preview":"max-video-preview:-1"},"canonical":"https:\/\/www.wecity.it\/it\/privacy-and-cookies-policy\/","og_locale":"it_IT","og_type":"article","og_title":"Privacy & Cookies Policy - Wecity","og_url":"https:\/\/www.wecity.it\/it\/privacy-and-cookies-policy\/","og_site_name":"Wecity","article_publisher":"https:\/\/www.facebook.com\/wecityit","article_modified_time":"2023-12-05T16:49:17+00:00","twitter_card":"summary_large_image","twitter_site":"@wecityit","twitter_misc":{"Tempo di lettura stimato":"11 minuti"},"schema":{"@context":"https:\/\/schema.org","@graph":[{"@type":"WebPage","@id":"https:\/\/www.wecity.it\/it\/privacy-and-cookies-policy\/","url":"https:\/\/www.wecity.it\/it\/privacy-and-cookies-policy\/","name":"Privacy & Cookies Policy - Wecity","isPartOf":{"@id":"https:\/\/www.wecity.it\/it\/#website"},"datePublished":"2014-12-19T13:03:11+00:00","dateModified":"2023-12-05T16:49:17+00:00","inLanguage":"it-IT","potentialAction":[{"@type":"ReadAction","target":["https:\/\/www.wecity.it\/it\/privacy-and-cookies-policy\/"]}]},{"@type":"WebSite","@id":"https:\/\/www.wecity.it\/it\/#website","url":"https:\/\/www.wecity.it\/it\/","name":"Wecity","description":"L&#039;app che premia la mobilit\u00e0 sostenibile","publisher":{"@id":"https:\/\/www.wecity.it\/it\/#organization"},"potentialAction":[{"@type":"SearchAction","target":{"@type":"EntryPoint","urlTemplate":"https:\/\/www.wecity.it\/it\/?s={search_term_string}"},"query-input":{"@type":"PropertyValueSpecification","valueRequired":true,"valueName":"search_term_string"}}],"inLanguage":"it-IT"},{"@type":"Organization","@id":"https:\/\/www.wecity.it\/it\/#organization","name":"wecity","url":"https:\/\/www.wecity.it\/it\/","logo":{"@type":"ImageObject","inLanguage":"it-IT","@id":"https:\/\/www.wecity.it\/it\/#\/schema\/logo\/image\/","url":"https:\/\/www.wecity.it\/wp-content\/uploads\/2022\/11\/wecity_logo.png","contentUrl":"https:\/\/www.wecity.it\/wp-content\/uploads\/2022\/11\/wecity_logo.png","width":1100,"height":400,"caption":"wecity"},"image":{"@id":"https:\/\/www.wecity.it\/it\/#\/schema\/logo\/image\/"},"sameAs":["https:\/\/www.facebook.com\/wecityit","https:\/\/x.com\/wecityit","https:\/\/www.youtube.com\/c\/wecityitapp","https:\/\/instagram.com\/wecityit","https:\/\/www.linkedin.com\/company\/wecity-srl\/"]}]}},"_links":{"self":[{"href":"https:\/\/www.wecity.it\/it\/wp-json\/wp\/v2\/pages\/4289","targetHints":{"allow":["GET"]}}],"collection":[{"href":"https:\/\/www.wecity.it\/it\/wp-json\/wp\/v2\/pages"}],"about":[{"href":"https:\/\/www.wecity.it\/it\/wp-json\/wp\/v2\/types\/page"}],"author":[{"embeddable":true,"href":"https:\/\/www.wecity.it\/it\/wp-json\/wp\/v2\/users\/2"}],"replies":[{"embeddable":true,"href":"https:\/\/www.wecity.it\/it\/wp-json\/wp\/v2\/comments?post=4289"}],"version-history":[{"count":27,"href":"https:\/\/www.wecity.it\/it\/wp-json\/wp\/v2\/pages\/4289\/revisions"}],"predecessor-version":[{"id":18647,"href":"https:\/\/www.wecity.it\/it\/wp-json\/wp\/v2\/pages\/4289\/revisions\/18647"}],"wp:attachment":[{"href":"https:\/\/www.wecity.it\/it\/wp-json\/wp\/v2\/media?parent=4289"}],"curies":[{"name":"wp","href":"https:\/\/api.w.org\/{rel}","templated":true}]}}